{"id":293,"date":"2021-09-18T09:09:20","date_gmt":"2021-09-18T07:09:20","guid":{"rendered":"https:\/\/fjvd.eu\/?page_id=293"},"modified":"2023-04-03T23:57:05","modified_gmt":"2023-04-03T21:57:05","slug":"293-2","status":"publish","type":"page","link":"https:\/\/fjvd.eu\/blog\/293-2\/","title":{"rendered":"Vorstand"},"content":{"rendered":"<p><b>Andreas Bangemann<\/b><\/p>\n<p><img loading=\"lazy\" decoding=\"async\" class=\"wp-image-295 alignleft\" src=\"https:\/\/fjvd.eu\/blog\/wp-content\/uploads\/2021\/09\/Andreas-Lernort-e1447842557289-200x270-1.jpg\" alt=\"\" width=\"140\" height=\"189\" \/>Vorsitzender des FJVD e. V.<br \/>\nUnternehmer seit 1978.<br \/>\nProfession: Gastgeber mit Hingabe.<br \/>\nSeit 2004 Leiter der <a href=\"http:\/\/www.silvio-gesell-tagungsstaette.de\/\">Silvio-Gesell-Tagungsst\u00e4tte<\/a>. Seit 2006 Chefredakteur der Zeitschrift <a href=\"http:\/\/www.humane-wirtschaft.de\/\">HUMANE WIRTSCHAFT<\/a>.<\/p>\n<p>&nbsp;<\/p>\n<blockquote><p>\u201eIch bin st\u00e4ndig motiviert meinem Leben Abwechslung und Unvorhersehbares hinzuzuf\u00fcgen. Wenn mir dabei etwas begegnet, dass mir Freude bereitet und das Potential hat, wertvoll f\u00fcr Dritte zu sein, dann habe ich Lust f\u00fcr Engagement. Freiwirtschaft war eine solche Begegnung.\u201c<\/p><\/blockquote>\n<p>&nbsp;<\/p>\n<p><strong>Dr. Holger Kreft<\/strong><\/p>\n<p><img loading=\"lazy\" decoding=\"async\" class=\"alignleft wp-image-1352\" src=\"https:\/\/fjvd.eu\/blog\/wp-content\/uploads\/2023\/04\/Foto-Holger-ZKR-Wuppertal-02ausschnitt3_web.jpg\" alt=\"\" width=\"130\" height=\"149\" \/><\/p>\n<p>Stellvertretender Vorsitzender des FJVD e.V. seit 2017. <a href=\"https:\/\/holger-kreft.de\/\" target=\"_blank\" rel=\"noopener\">Selbstst\u00e4ndiger Berater<\/a> seit 1997. Meist unterst\u00fctzt er hierarchiearme Netzwerke, die selbst zu einem tiefgreifenden positiven Wandel beitragen wollen. Und er versucht, Rahmenbedingungen f\u00fcr gemeinsames und selbstbestimmtes Lernen zu schaffen.<\/p>\n<p>&nbsp;<\/p>\n<blockquote><p>\u201eWir brauchen ein anderes Wohlstandsmodell, das uns als Menschen zufriedener macht, daf\u00fcr erheblich weniger Naturg\u00fcter verbraucht und das sozial viel gerechter ist. Ja, besser noch: Wir organisieren unser Geben und Nehmen so, dass wir dem Planeten und unserer Mitwelt m\u00f6glichst mehr zur\u00fcckgeben k\u00f6nnen als wir ihnen nehmen. Dazu will ich auch durch die Arbeit beim FJVD einen Beitrag leisten.\u201c<\/p><\/blockquote>\n<p>&nbsp;<\/p>\n<p><strong>Robert Heinemann<\/strong><\/p>\n<p><img loading=\"lazy\" decoding=\"async\" class=\" wp-image-630 alignleft\" src=\"https:\/\/fjvd.eu\/blog\/wp-content\/uploads\/2021\/10\/Heinemann_2009_054-200x300.jpg\" alt=\"\" width=\"139\" height=\"209\" srcset=\"https:\/\/fjvd.eu\/blog\/wp-content\/uploads\/2021\/10\/Heinemann_2009_054-200x300.jpg 200w, https:\/\/fjvd.eu\/blog\/wp-content\/uploads\/2021\/10\/Heinemann_2009_054-683x1024.jpg 683w, https:\/\/fjvd.eu\/blog\/wp-content\/uploads\/2021\/10\/Heinemann_2009_054-768x1152.jpg 768w, https:\/\/fjvd.eu\/blog\/wp-content\/uploads\/2021\/10\/Heinemann_2009_054-600x900.jpg 600w, https:\/\/fjvd.eu\/blog\/wp-content\/uploads\/2021\/10\/Heinemann_2009_054.jpg 900w\" sizes=\"auto, (max-width: 139px) 100vw, 139px\" \/>Kassierer des FJVD e. V. seit der Mitgliederversammlung am 2. Oktober 2021. Fachanwalt f\u00fcr Sozialrecht mit eigener Kanzlei in Velbert (Kreis Mettmann).<\/p>\n<p>&nbsp;<\/p>\n<p>&nbsp;<\/p>\n<p>&nbsp;<\/p>\n<blockquote><p>\u201eEs wird schon!\u00a0 \ud83d\ude42 \u201c<\/p><\/blockquote>\n<p>&nbsp;<\/p>\n<p><strong>Kai Schmidt<\/strong><\/p>\n<p><img loading=\"lazy\" decoding=\"async\" class=\"alignleft wp-image-853\" src=\"https:\/\/fjvd.eu\/blog\/wp-content\/uploads\/2021\/10\/photo-Kai_2021-10-20-190x300.jpg\" alt=\"\" width=\"130\" height=\"205\" srcset=\"https:\/\/fjvd.eu\/blog\/wp-content\/uploads\/2021\/10\/photo-Kai_2021-10-20-190x300.jpg 190w, https:\/\/fjvd.eu\/blog\/wp-content\/uploads\/2021\/10\/photo-Kai_2021-10-20.jpg 541w\" sizes=\"auto, (max-width: 130px) 100vw, 130px\" \/>Schriftf\u00fchrer des FJVD e. V. und schon seit einigen Jahren n\u00e4chster Nachbar der Tagungsst\u00e4tte, wodurch seine Neugier auf die Freiwirtschaft geweckt wurde.<\/p>\n<p>&nbsp;<\/p>\n<p>&nbsp;<\/p>\n<p>&nbsp;<\/p>\n<blockquote><p>\u201eSilvio Gesell hat mit seinen Ideen Menschen begeistert, die dann den FJVD gegr\u00fcndet haben, um \u00fcber die Ideen zu diskutieren und Umsetzungsstrategien zu entwickeln. F\u00fcr mich beschreibt die Freiwirtschaft die Idee, wie wir dem aktuellen Geld seine \u00dcberlegenheit als Tauschmittel nehmen und unser Wirtschaften dadurch menschlicher machen k\u00f6nnen.\u201c<\/p><\/blockquote>\n","protected":false},"excerpt":{"rendered":"<p>Andreas Bangemann Vorsitzender des FJVD e. V. Unternehmer seit 1978. Profession: Gastgeber mit Hingabe. Seit 2004 Leiter der Silvio-Gesell-Tagungsst\u00e4tte. Seit 2006 Chefredakteur der Zeitschrift HUMANE WIRTSCHAFT. &nbsp; \u201eIch bin st\u00e4ndig motiviert meinem Leben Abwechslung und Unvorhersehbares hinzuzuf\u00fcgen. Wenn mir dabei etwas begegnet, dass mir Freude bereitet und das Potential hat, wertvoll f\u00fcr Dritte zu sein, [&hellip;]<\/p>\n","protected":false},"author":2,"featured_media":0,"parent":0,"menu_order":0,"comment_status":"closed","ping_status":"closed","template":"","meta":{"footnotes":""},"class_list":["post-293","page","type-page","status-publish","hentry","missing-thumbnail"],"_links":{"self":[{"href":"https:\/\/fjvd.eu\/blog\/wp-json\/wp\/v2\/pages\/293","targetHints":{"allow":["GET"]}}],"collection":[{"href":"https:\/\/fjvd.eu\/blog\/wp-json\/wp\/v2\/pages"}],"about":[{"href":"https:\/\/fjvd.eu\/blog\/wp-json\/wp\/v2\/types\/page"}],"author":[{"embeddable":true,"href":"https:\/\/fjvd.eu\/blog\/wp-json\/wp\/v2\/users\/2"}],"replies":[{"embeddable":true,"href":"https:\/\/fjvd.eu\/blog\/wp-json\/wp\/v2\/comments?post=293"}],"version-history":[{"count":12,"href":"https:\/\/fjvd.eu\/blog\/wp-json\/wp\/v2\/pages\/293\/revisions"}],"predecessor-version":[{"id":1354,"href":"https:\/\/fjvd.eu\/blog\/wp-json\/wp\/v2\/pages\/293\/revisions\/1354"}],"wp:attachment":[{"href":"https:\/\/fjvd.eu\/blog\/wp-json\/wp\/v2\/media?parent=293"}],"curies":[{"name":"wp","href":"https:\/\/api.w.org\/{rel}","templated":true}]}}