{"id":221,"date":"2021-09-15T17:45:46","date_gmt":"2021-09-15T15:45:46","guid":{"rendered":"https:\/\/fjvd.eu\/?page_id=221"},"modified":"2021-10-26T22:20:21","modified_gmt":"2021-10-26T20:20:21","slug":"satzung","status":"publish","type":"page","link":"https:\/\/fjvd.eu\/blog\/satzung\/","title":{"rendered":"Satzung des FJVD e. V."},"content":{"rendered":"<h3>Auszug aus \u00a7 1 der Satzung\u00a0 des FJVD<\/h3>\n<p><strong>Ausschlie\u00dflicher und unmittelbarer Zweck des Verbandes:<\/strong><\/p>\n<blockquote>\n<h5>Der Freiwirtschaftliche Jugendverband Deutschland e. V. erstrebt die Zusammenfassung junger Menschen auf\u00a0 demokratischem Wege mit dem Ziel der Verwirklichung der Nat\u00fcrlichen Wirtschaftsordnung nach den Ideen Silvio Gesells.<\/h5>\n<p>Er setzt sich ein f\u00fcr die Erreichung des Weltfriedens. Geistige Weiterbildung und pers\u00f6nliche Hilfeleistung auf allen Lebensgebieten werden in jugendlichem Geist ge\u00fcbt und gepflegt.<\/p>\n<p>Insbesondere sucht der Verband seine Ziele zu f\u00f6rdern durch Unterhaltung des Jugendgel\u00e4ndes am Asbruch in Wuppertal, der Freilichtb\u00fchne und der \u201eSilvio-Gesell-Tagungsst\u00e4tte&#8220;.<\/p><\/blockquote>\n<p>Die gesamte Satzung des FJVD e. V.<br \/>\nk\u00f6nnen Sie <a href=\"https:\/\/fjvd.eu\/blog\/wp-content\/uploads\/2021\/09\/Satzung-FJVD-Fassung-2003.pdf\" target=\"_blank\" rel=\"noopener\">hier<\/a> herunterladen.<\/p>\n<p>&nbsp;<\/p>\n","protected":false},"excerpt":{"rendered":"<p>Auszug aus \u00a7 1 der Satzung\u00a0 des FJVD Ausschlie\u00dflicher und unmittelbarer Zweck des Verbandes: Der Freiwirtschaftliche Jugendverband Deutschland e. V. erstrebt die Zusammenfassung junger Menschen auf\u00a0 demokratischem Wege mit dem Ziel der Verwirklichung der Nat\u00fcrlichen Wirtschaftsordnung nach den Ideen Silvio Gesells. Er setzt sich ein f\u00fcr die Erreichung des Weltfriedens. Geistige Weiterbildung und pers\u00f6nliche Hilfeleistung [&hellip;]<\/p>\n","protected":false},"author":2,"featured_media":0,"parent":0,"menu_order":0,"comment_status":"closed","ping_status":"closed","template":"","meta":{"footnotes":""},"class_list":["post-221","page","type-page","status-publish","hentry","missing-thumbnail"],"_links":{"self":[{"href":"https:\/\/fjvd.eu\/blog\/wp-json\/wp\/v2\/pages\/221","targetHints":{"allow":["GET"]}}],"collection":[{"href":"https:\/\/fjvd.eu\/blog\/wp-json\/wp\/v2\/pages"}],"about":[{"href":"https:\/\/fjvd.eu\/blog\/wp-json\/wp\/v2\/types\/page"}],"author":[{"embeddable":true,"href":"https:\/\/fjvd.eu\/blog\/wp-json\/wp\/v2\/users\/2"}],"replies":[{"embeddable":true,"href":"https:\/\/fjvd.eu\/blog\/wp-json\/wp\/v2\/comments?post=221"}],"version-history":[{"count":10,"href":"https:\/\/fjvd.eu\/blog\/wp-json\/wp\/v2\/pages\/221\/revisions"}],"predecessor-version":[{"id":867,"href":"https:\/\/fjvd.eu\/blog\/wp-json\/wp\/v2\/pages\/221\/revisions\/867"}],"wp:attachment":[{"href":"https:\/\/fjvd.eu\/blog\/wp-json\/wp\/v2\/media?parent=221"}],"curies":[{"name":"wp","href":"https:\/\/api.w.org\/{rel}","templated":true}]}}