{"id":2,"date":"2021-09-13T14:17:34","date_gmt":"2021-09-13T12:17:34","guid":{"rendered":"http:\/\/fjvd.eu\/?page_id=2"},"modified":"2022-01-01T18:35:45","modified_gmt":"2022-01-01T17:35:45","slug":"sample-page","status":"publish","type":"page","link":"https:\/\/fjvd.eu\/blog\/","title":{"rendered":"Willkommen beim FJVD!"},"content":{"rendered":"<h1>Wie wollen wir leben, arbeiten und wirtschaften?<\/h1>\n<p><img loading=\"lazy\" decoding=\"async\" class=\"wp-image-1057 size-large alignleft\" src=\"https:\/\/fjvd.eu\/blog\/wp-content\/uploads\/2021\/12\/Freunde-Sonnenuntergang-Meer-tyler-nix-unsplash_web-1024x683.jpg\" alt=\"\" width=\"560\" height=\"374\" srcset=\"https:\/\/fjvd.eu\/blog\/wp-content\/uploads\/2021\/12\/Freunde-Sonnenuntergang-Meer-tyler-nix-unsplash_web-1024x683.jpg 1024w, https:\/\/fjvd.eu\/blog\/wp-content\/uploads\/2021\/12\/Freunde-Sonnenuntergang-Meer-tyler-nix-unsplash_web-300x200.jpg 300w, https:\/\/fjvd.eu\/blog\/wp-content\/uploads\/2021\/12\/Freunde-Sonnenuntergang-Meer-tyler-nix-unsplash_web-768x512.jpg 768w, https:\/\/fjvd.eu\/blog\/wp-content\/uploads\/2021\/12\/Freunde-Sonnenuntergang-Meer-tyler-nix-unsplash_web-1536x1024.jpg 1536w, https:\/\/fjvd.eu\/blog\/wp-content\/uploads\/2021\/12\/Freunde-Sonnenuntergang-Meer-tyler-nix-unsplash_web-2048x1365.jpg 2048w, https:\/\/fjvd.eu\/blog\/wp-content\/uploads\/2021\/12\/Freunde-Sonnenuntergang-Meer-tyler-nix-unsplash_web-1200x800.jpg 1200w, https:\/\/fjvd.eu\/blog\/wp-content\/uploads\/2021\/12\/Freunde-Sonnenuntergang-Meer-tyler-nix-unsplash_web-600x400.jpg 600w\" sizes=\"auto, (max-width: 560px) 100vw, 560px\" \/><\/p>\n<p>Wie soll heute und in Zukunft das Geben und Nehmen aussehen,\u202fzwischen den Menschen und in Beziehung zu unserem Planeten Erde? Wie k\u00f6nnen alle ein gutes Leben f\u00fchren, ohne dass wir uns selbst, unsere Mitmenschen und das globale \u00d6kosystem <img loading=\"lazy\" decoding=\"async\" class=\"size-medium wp-image-1163 alignright\" src=\"https:\/\/fjvd.eu\/blog\/wp-content\/uploads\/2021\/12\/kosma1_19.12.2021_u\u0308b_web-300x209.jpg\" alt=\"\" width=\"300\" height=\"209\" srcset=\"https:\/\/fjvd.eu\/blog\/wp-content\/uploads\/2021\/12\/kosma1_19.12.2021_u\u0308b_web-300x209.jpg 300w, https:\/\/fjvd.eu\/blog\/wp-content\/uploads\/2021\/12\/kosma1_19.12.2021_u\u0308b_web-1024x713.jpg 1024w, https:\/\/fjvd.eu\/blog\/wp-content\/uploads\/2021\/12\/kosma1_19.12.2021_u\u0308b_web-768x534.jpg 768w, https:\/\/fjvd.eu\/blog\/wp-content\/uploads\/2021\/12\/kosma1_19.12.2021_u\u0308b_web-600x418.jpg 600w, https:\/\/fjvd.eu\/blog\/wp-content\/uploads\/2021\/12\/kosma1_19.12.2021_u\u0308b_web.jpg 1062w\" sizes=\"auto, (max-width: 300px) 100vw, 300px\" \/>\u00fcberfordern? Was wollen wir nachkommenden Generationen hinterlassen?<\/p>\n<p>Viele Faktoren bestimmen, wie die Dinge laufen: Regeln und Gesetze, die Institutionen wie unser Geld, die Marktdesigns und Technologien, die Organisationsstrukturen und Gesch\u00e4ftsmodelle der Unternehmen. Aber auch unsere eigenen Routinen, unsere individuellen Erfahrungs- und Wissensbest\u00e4nde, unsere Weltanschauungen, Wertvorstellungen, Haltungen und Glaubenss\u00e4tze. All das hat Einfluss und dr\u00fcckt sich in jeweils variierender Gewichtung in unserem allt\u00e4glichen Handeln aus, bei unseren Konsum-, Produktions-, Investitions- oder politischen Entscheidungen.<\/p>\n<p>&nbsp;<\/p>\n<h1>Welche konkreten Wege und Ansatzpunkte sehen wir?<\/h1>\n<p><img loading=\"lazy\" decoding=\"async\" class=\"size-medium wp-image-1066 alignleft\" src=\"https:\/\/fjvd.eu\/blog\/wp-content\/uploads\/2021\/12\/butterfly-perched-dry-branch_web-300x200.jpg\" alt=\"\" width=\"300\" height=\"200\" srcset=\"https:\/\/fjvd.eu\/blog\/wp-content\/uploads\/2021\/12\/butterfly-perched-dry-branch_web-300x200.jpg 300w, https:\/\/fjvd.eu\/blog\/wp-content\/uploads\/2021\/12\/butterfly-perched-dry-branch_web-1024x683.jpg 1024w, https:\/\/fjvd.eu\/blog\/wp-content\/uploads\/2021\/12\/butterfly-perched-dry-branch_web-768x512.jpg 768w, https:\/\/fjvd.eu\/blog\/wp-content\/uploads\/2021\/12\/butterfly-perched-dry-branch_web-1536x1024.jpg 1536w, https:\/\/fjvd.eu\/blog\/wp-content\/uploads\/2021\/12\/butterfly-perched-dry-branch_web-2048x1365.jpg 2048w, https:\/\/fjvd.eu\/blog\/wp-content\/uploads\/2021\/12\/butterfly-perched-dry-branch_web-1200x800.jpg 1200w, https:\/\/fjvd.eu\/blog\/wp-content\/uploads\/2021\/12\/butterfly-perched-dry-branch_web-600x400.jpg 600w\" sizes=\"auto, (max-width: 300px) 100vw, 300px\" \/>Welche Ma\u00dfnahmen zum Wohlergehen des Ganzen, f\u00fcr die Vergr\u00f6\u00dferung innerer und \u00e4u\u00dferer Freiheit und f\u00fcr unser Miteinander in Verbundenheit sind sinnvoll und zweckm\u00e4\u00dfig? F\u00fcr diese Fragen begeben wir uns immer wieder auf die Spurensuche im Wirtschaftssystem.<\/p>\n<p><img loading=\"lazy\" decoding=\"async\" class=\"size-medium wp-image-1187 alignright\" src=\"https:\/\/fjvd.eu\/blog\/wp-content\/uploads\/2022\/01\/Donut_O\u0308konomie-deutsch-nach-Kate-Raworth-300x248.png\" alt=\"\" width=\"300\" height=\"248\" srcset=\"https:\/\/fjvd.eu\/blog\/wp-content\/uploads\/2022\/01\/Donut_O\u0308konomie-deutsch-nach-Kate-Raworth-300x248.png 300w, https:\/\/fjvd.eu\/blog\/wp-content\/uploads\/2022\/01\/Donut_O\u0308konomie-deutsch-nach-Kate-Raworth-1024x846.png 1024w, https:\/\/fjvd.eu\/blog\/wp-content\/uploads\/2022\/01\/Donut_O\u0308konomie-deutsch-nach-Kate-Raworth-768x634.png 768w, https:\/\/fjvd.eu\/blog\/wp-content\/uploads\/2022\/01\/Donut_O\u0308konomie-deutsch-nach-Kate-Raworth-1200x991.png 1200w, https:\/\/fjvd.eu\/blog\/wp-content\/uploads\/2022\/01\/Donut_O\u0308konomie-deutsch-nach-Kate-Raworth-600x496.png 600w, https:\/\/fjvd.eu\/blog\/wp-content\/uploads\/2022\/01\/Donut_O\u0308konomie-deutsch-nach-Kate-Raworth.png 1362w\" sizes=\"auto, (max-width: 300px) 100vw, 300px\" \/>Alles kommt auf den Pr\u00fcfstand. Lassen sich soziale Probleme wie Ungleichheit, Armut oder \u00f6kologische Katastrophen wie Artenverlust, Naturzerst\u00f6rung oder der Klimawandel auch auf elementare Systemfehler wie den Druck zu quantitativem Wachstum zur\u00fcckf\u00fchren? Wer w\u00fcrde das noch bezweifeln? &#8211; Wir lassen uns inspirieren von den kreativsten und vorausschauendsten Denker:innen unserer Zeit. Wir nehmen sowohl unsere pers\u00f6nlichen Handlungsmotive in den Fokus als auch das Agieren auf der Ebene von Organisationen und Netzwerken, und wir stellen selbstverst\u00e4ndlich auch grundlegende Strukturen unserer Wirtschaft in Frage. &#8211; Wir brauchen andere Wohlstandsmodelle! \u00d6ffnen wir den Raum f\u00fcr vollkommen neue Ideen.<\/p>\n<p>&nbsp;<\/p>\n<h1><b><span data-contrast=\"auto\">Wo fangen wir an?<\/span><\/b><span data-ccp-props=\"{&quot;335559739&quot;:120}\">\u00a0<\/span><\/h1>\n<p><span data-contrast=\"auto\"><img loading=\"lazy\" decoding=\"async\" class=\"wp-image-1062 size-full alignleft\" src=\"https:\/\/fjvd.eu\/blog\/wp-content\/uploads\/2021\/12\/Geldspiel-M.-Kennedy-MONNETA-Fu\u0308lle-Tagung-2016_web.jpg\" alt=\"\" width=\"869\" height=\"593\" srcset=\"https:\/\/fjvd.eu\/blog\/wp-content\/uploads\/2021\/12\/Geldspiel-M.-Kennedy-MONNETA-Fu\u0308lle-Tagung-2016_web.jpg 869w, https:\/\/fjvd.eu\/blog\/wp-content\/uploads\/2021\/12\/Geldspiel-M.-Kennedy-MONNETA-Fu\u0308lle-Tagung-2016_web-300x205.jpg 300w, https:\/\/fjvd.eu\/blog\/wp-content\/uploads\/2021\/12\/Geldspiel-M.-Kennedy-MONNETA-Fu\u0308lle-Tagung-2016_web-768x524.jpg 768w, https:\/\/fjvd.eu\/blog\/wp-content\/uploads\/2021\/12\/Geldspiel-M.-Kennedy-MONNETA-Fu\u0308lle-Tagung-2016_web-600x409.jpg 600w\" sizes=\"auto, (max-width: 869px) 100vw, 869px\" \/>D<\/span><span data-contrast=\"auto\">as ist nicht ganz leicht zu beantworten, weil die adressierten Problemfelder einen nahezu globalen Ver\u00e4nderungswillen voraussetzen. Aber Wirkung entfaltet sich stets auch aus einfachen Anf\u00e4ngen heraus. Darauf konzentrieren wir uns. <\/span><\/p>\n<p><span data-contrast=\"none\"><img loading=\"lazy\" decoding=\"async\" class=\"size-medium wp-image-1185 alignright\" src=\"https:\/\/fjvd.eu\/blog\/wp-content\/uploads\/2022\/01\/Open-Space-Mittagspause-2015-04-12_web_klein-300x200.jpg\" alt=\"\" width=\"300\" height=\"200\" srcset=\"https:\/\/fjvd.eu\/blog\/wp-content\/uploads\/2022\/01\/Open-Space-Mittagspause-2015-04-12_web_klein-300x200.jpg 300w, https:\/\/fjvd.eu\/blog\/wp-content\/uploads\/2022\/01\/Open-Space-Mittagspause-2015-04-12_web_klein-1024x683.jpg 1024w, https:\/\/fjvd.eu\/blog\/wp-content\/uploads\/2022\/01\/Open-Space-Mittagspause-2015-04-12_web_klein-768x512.jpg 768w, https:\/\/fjvd.eu\/blog\/wp-content\/uploads\/2022\/01\/Open-Space-Mittagspause-2015-04-12_web_klein-1536x1024.jpg 1536w, https:\/\/fjvd.eu\/blog\/wp-content\/uploads\/2022\/01\/Open-Space-Mittagspause-2015-04-12_web_klein-2048x1365.jpg 2048w, https:\/\/fjvd.eu\/blog\/wp-content\/uploads\/2022\/01\/Open-Space-Mittagspause-2015-04-12_web_klein-1200x800.jpg 1200w, https:\/\/fjvd.eu\/blog\/wp-content\/uploads\/2022\/01\/Open-Space-Mittagspause-2015-04-12_web_klein-600x400.jpg 600w\" sizes=\"auto, (max-width: 300px) 100vw, 300px\" \/>Wir entwickeln gemeinsam Neues.<\/span><span data-contrast=\"auto\"> Wir schaffen die analogen und digitalen R\u00e4ume und kn\u00fcpfen die n\u00f6tigen Verbindungen. Die Silvio Gesell-Tagungsst\u00e4tte am Schanzenweg ist seit langem der ideale Ausgangspunkt daf\u00fcr. <a href=\"https:\/\/fjvd.eu\/blog\/wozu-wir-einladen\/\" target=\"_blank\" rel=\"noopener\">Wir bieten Onlinekurse, Webinare, Gespr\u00e4chsrunden.<\/a> Wir stellen die<\/span><span data-contrast=\"auto\"> Plattform <\/span><span data-contrast=\"none\">daf\u00fcr zur Verf\u00fcgung<\/span><span data-contrast=\"auto\">.<\/span><span data-contrast=\"none\"> Wir sind eine von vielen Drehscheiben <\/span>f\u00fcr die neuen Gedanken, Konzepte und Projekte, die Menschen \u00fcberall auf der Welt entwickeln. Wir sehen unterschiedliche Tiefen bei m\u00f6glichen Reformen, mit denen wir unterschiedlich starke Ver\u00e4nderungen hin zu einem besseren, faireren und nachhaltigeren Wirtschaften bewirken k\u00f6nnen. <span data-ccp-props=\"{}\">Wir wirken in unsere Region hinein und beteiligen uns aktiv am lokalen Transformationsgeschehen. <\/span><\/p>\n<p><span data-ccp-props=\"{}\">Wir laden dich herzlich dazu ein!<br \/>\n<\/span><\/p>\n<p>&nbsp;<\/p>\n","protected":false},"excerpt":{"rendered":"<p>Wie wollen wir leben, arbeiten und wirtschaften? Wie soll heute und in Zukunft das Geben und Nehmen aussehen,\u202fzwischen den Menschen und in Beziehung zu unserem Planeten Erde? Wie k\u00f6nnen alle ein gutes Leben f\u00fchren, ohne dass wir uns selbst, unsere Mitmenschen und das globale \u00d6kosystem \u00fcberfordern? Was wollen wir nachkommenden Generationen hinterlassen? Viele Faktoren bestimmen, [&hellip;]<\/p>\n","protected":false},"author":1,"featured_media":0,"parent":0,"menu_order":0,"comment_status":"closed","ping_status":"closed","template":"","meta":{"footnotes":""},"class_list":["post-2","page","type-page","status-publish","hentry","missing-thumbnail"],"_links":{"self":[{"href":"https:\/\/fjvd.eu\/blog\/wp-json\/wp\/v2\/pages\/2","targetHints":{"allow":["GET"]}}],"collection":[{"href":"https:\/\/fjvd.eu\/blog\/wp-json\/wp\/v2\/pages"}],"about":[{"href":"https:\/\/fjvd.eu\/blog\/wp-json\/wp\/v2\/types\/page"}],"author":[{"embeddable":true,"href":"https:\/\/fjvd.eu\/blog\/wp-json\/wp\/v2\/users\/1"}],"replies":[{"embeddable":true,"href":"https:\/\/fjvd.eu\/blog\/wp-json\/wp\/v2\/comments?post=2"}],"version-history":[{"count":11,"href":"https:\/\/fjvd.eu\/blog\/wp-json\/wp\/v2\/pages\/2\/revisions"}],"predecessor-version":[{"id":5,"href":"https:\/\/fjvd.eu\/blog\/wp-json\/wp\/v2\/pages\/2\/revisions\/5"}],"wp:attachment":[{"href":"https:\/\/fjvd.eu\/blog\/wp-json\/wp\/v2\/media?parent=2"}],"curies":[{"name":"wp","href":"https:\/\/api.w.org\/{rel}","templated":true}]}}