{"id":154,"date":"2021-09-15T15:48:12","date_gmt":"2021-09-15T13:48:12","guid":{"rendered":"https:\/\/fjvd.eu\/?page_id=154"},"modified":"2021-10-16T20:39:13","modified_gmt":"2021-10-16T18:39:13","slug":"teilnahme-an-der-internationalen-konferenz-ueber-sozial-und-ergaenzungswaehrungen-in-barcelona-10-14-mai-2017","status":"publish","type":"page","link":"https:\/\/fjvd.eu\/blog\/ausgewaehlte-angebote-und-aktionen-seit-2012\/teilnahme-an-der-internationalen-konferenz-ueber-sozial-und-ergaenzungswaehrungen-in-barcelona-10-14-mai-2017\/","title":{"rendered":"Teilnahme an der Internationalen Konferenz \u00fcber Sozial- und Erg\u00e4nzungsw\u00e4hrungen in Barcelona"},"content":{"rendered":"<p>10.-14. Mai 2017<\/p>\n<p><img loading=\"lazy\" decoding=\"async\" class=\"size-medium wp-image-157 alignleft\" src=\"https:\/\/fjvd.eu\/wp-content\/uploads\/2021\/09\/Barcelona-2017-Delegation-Humane-Wirtschaft-Int.-Konf.-Sozial-Erga\u0308nzungswa\u0308hr-300x184.png\" alt=\"\" width=\"300\" height=\"184\" srcset=\"https:\/\/fjvd.eu\/blog\/wp-content\/uploads\/2021\/09\/Barcelona-2017-Delegation-Humane-Wirtschaft-Int.-Konf.-Sozial-Erga\u0308nzungswa\u0308hr-300x184.png 300w, https:\/\/fjvd.eu\/blog\/wp-content\/uploads\/2021\/09\/Barcelona-2017-Delegation-Humane-Wirtschaft-Int.-Konf.-Sozial-Erga\u0308nzungswa\u0308hr-1024x629.png 1024w, https:\/\/fjvd.eu\/blog\/wp-content\/uploads\/2021\/09\/Barcelona-2017-Delegation-Humane-Wirtschaft-Int.-Konf.-Sozial-Erga\u0308nzungswa\u0308hr-768x472.png 768w, https:\/\/fjvd.eu\/blog\/wp-content\/uploads\/2021\/09\/Barcelona-2017-Delegation-Humane-Wirtschaft-Int.-Konf.-Sozial-Erga\u0308nzungswa\u0308hr-600x369.png 600w, https:\/\/fjvd.eu\/blog\/wp-content\/uploads\/2021\/09\/Barcelona-2017-Delegation-Humane-Wirtschaft-Int.-Konf.-Sozial-Erga\u0308nzungswa\u0308hr.png 1196w\" sizes=\"auto, (max-width: 300px) 100vw, 300px\" \/>Andreas Bangemann vom FJvD und Jana Rasch vom Wuppertal-Institut, die auch an vielen Aktivit\u00e4ten des FJvD beteiligt war, vertraten zusammen mit Haymo von Dahlen und Veronica Gnisia als Delegation der Zeitschrift HUMANE WIRTSCHAFT die Freiwirtschaft auf dem Kongress in Katalonien. Sie brachten viele neue Kontakte und Ideen zur\u00fcck, die bei der weiteren Vereinsarbeit des FJvD dienlich sind.<\/p>\n<p><a href=\"https:\/\/humane-wirtschaft.de\/was-uns-unterscheidet-bringt-uns-zusammen-andreas-bangemann\/\" target=\"_blank\" rel=\"noopener\">mehr in der Zeitschrift HUMANE WIRTSCHAFT<\/a><\/p>\n<p><a href=\"https:\/\/fjvd.eu\/blog\/ausgewaehlte-angebote-und-aktionen-seit-2012\/\">zur\u00fcck<\/a><\/p>\n<p>&nbsp;<\/p>\n","protected":false},"excerpt":{"rendered":"<p>10.-14. Mai 2017 Andreas Bangemann vom FJvD und Jana Rasch vom Wuppertal-Institut, die auch an vielen Aktivit\u00e4ten des FJvD beteiligt war, vertraten zusammen mit Haymo von Dahlen und Veronica Gnisia als Delegation der Zeitschrift HUMANE WIRTSCHAFT die Freiwirtschaft auf dem Kongress in Katalonien. Sie brachten viele neue Kontakte und Ideen zur\u00fcck, die bei der weiteren [&hellip;]<\/p>\n","protected":false},"author":2,"featured_media":0,"parent":51,"menu_order":0,"comment_status":"closed","ping_status":"closed","template":"","meta":{"footnotes":""},"class_list":["post-154","page","type-page","status-publish","hentry","missing-thumbnail"],"_links":{"self":[{"href":"https:\/\/fjvd.eu\/blog\/wp-json\/wp\/v2\/pages\/154","targetHints":{"allow":["GET"]}}],"collection":[{"href":"https:\/\/fjvd.eu\/blog\/wp-json\/wp\/v2\/pages"}],"about":[{"href":"https:\/\/fjvd.eu\/blog\/wp-json\/wp\/v2\/types\/page"}],"author":[{"embeddable":true,"href":"https:\/\/fjvd.eu\/blog\/wp-json\/wp\/v2\/users\/2"}],"replies":[{"embeddable":true,"href":"https:\/\/fjvd.eu\/blog\/wp-json\/wp\/v2\/comments?post=154"}],"version-history":[{"count":7,"href":"https:\/\/fjvd.eu\/blog\/wp-json\/wp\/v2\/pages\/154\/revisions"}],"predecessor-version":[{"id":838,"href":"https:\/\/fjvd.eu\/blog\/wp-json\/wp\/v2\/pages\/154\/revisions\/838"}],"up":[{"embeddable":true,"href":"https:\/\/fjvd.eu\/blog\/wp-json\/wp\/v2\/pages\/51"}],"wp:attachment":[{"href":"https:\/\/fjvd.eu\/blog\/wp-json\/wp\/v2\/media?parent=154"}],"curies":[{"name":"wp","href":"https:\/\/api.w.org\/{rel}","templated":true}]}}