{"id":1476,"date":"2024-08-08T11:51:42","date_gmt":"2024-08-08T09:51:42","guid":{"rendered":"https:\/\/fjvd.eu\/blog\/?page_id=1476"},"modified":"2024-10-21T09:56:19","modified_gmt":"2024-10-21T07:56:19","slug":"fjvd-angebot-gls-geldgipfel-2024","status":"publish","type":"page","link":"https:\/\/fjvd.eu\/blog\/fjvd-angebot-gls-geldgipfel-2024\/","title":{"rendered":"Eine Reise in ein anderes Wuppertal: Wie sollten wir die Spielregeln ver\u00e4ndern?"},"content":{"rendered":"\r\n<h2 class=\"wp-block-heading\">\u00a0<\/h2>\r\n<p><img loading=\"lazy\" decoding=\"async\" class=\"wp-image-1536 alignnone\" src=\"https:\/\/fjvd.eu\/blog\/wp-content\/uploads\/2024\/10\/Unverpacktladen-Holger-Diana-David-IMG_1780-ausschnitt2_bearb_1_web-300x207.jpg\" alt=\"\" width=\"252\" height=\"174\" srcset=\"https:\/\/fjvd.eu\/blog\/wp-content\/uploads\/2024\/10\/Unverpacktladen-Holger-Diana-David-IMG_1780-ausschnitt2_bearb_1_web-300x207.jpg 300w, https:\/\/fjvd.eu\/blog\/wp-content\/uploads\/2024\/10\/Unverpacktladen-Holger-Diana-David-IMG_1780-ausschnitt2_bearb_1_web-1024x707.jpg 1024w, https:\/\/fjvd.eu\/blog\/wp-content\/uploads\/2024\/10\/Unverpacktladen-Holger-Diana-David-IMG_1780-ausschnitt2_bearb_1_web-768x530.jpg 768w, https:\/\/fjvd.eu\/blog\/wp-content\/uploads\/2024\/10\/Unverpacktladen-Holger-Diana-David-IMG_1780-ausschnitt2_bearb_1_web-1536x1061.jpg 1536w, https:\/\/fjvd.eu\/blog\/wp-content\/uploads\/2024\/10\/Unverpacktladen-Holger-Diana-David-IMG_1780-ausschnitt2_bearb_1_web-2048x1415.jpg 2048w, https:\/\/fjvd.eu\/blog\/wp-content\/uploads\/2024\/10\/Unverpacktladen-Holger-Diana-David-IMG_1780-ausschnitt2_bearb_1_web-1200x829.jpg 1200w, https:\/\/fjvd.eu\/blog\/wp-content\/uploads\/2024\/10\/Unverpacktladen-Holger-Diana-David-IMG_1780-ausschnitt2_bearb_1_web-600x414.jpg 600w\" sizes=\"auto, (max-width: 252px) 100vw, 252px\" \/><\/p>\r\n<h2 class=\"wp-block-heading\">Lasst uns spielen!<\/h2>\r\n<p>Vorab weitere Links zu Infos und Material:<\/p>\r\n<ul>\r\n<li><strong>Geldgipfel 2024 der GLS-Bank-Stiftung<\/strong>: <a href=\"https:\/\/www.u-school.org\/offerings\/geldgipfel2024\/pages\/hubs\">https:\/\/www.u-school.org\/offerings\/geldgipfel2024\/pages\/hubs<\/a><\/li>\r\n<li><strong>DialogRaumGeld Augsburg<\/strong>: <a href=\"https:\/\/dialograumgeld.org\/\">https:\/\/dialograumgeld.org<\/a><\/li>\r\n<li><strong>Anderes Geld, anderes Wirtschaften<\/strong>: <a href=\"https:\/\/holger-kreft.de\/anderes-geld-anderes-wirtschaften\/\">https:\/\/holger-kreft.de\/anderes-geld-anderes-wirtschaften<\/a><\/li>\r\n<li><strong>Landschaft der Geldwandelakteure<\/strong>: <a href=\"https:\/\/holger-kreft.de\/landschaft-der-geldwandelakteure\">https:\/\/holger-kreft.de\/landschaft-der-geldwandelakteure<\/a><\/li>\r\n<li><strong>Geld erleben (Geldspiele u.a.)<\/strong>: <a href=\"https:\/\/www.geld-erleben.de\">https:\/\/www.geld-erleben.de<\/a><\/li>\r\n<li><strong>Geld der Zukunft (\u00dcbersicht \u00fcber Reformans\u00e4tze)<\/strong>: <a href=\"https:\/\/www.geld-der-zukunft.org\">https:\/\/www.geld-der-zukunft.org <\/a><\/li>\r\n<\/ul>\r\n<p>&nbsp;<\/p>\r\n<p>&nbsp;<\/p>\r\n\r\n\r\n\r\n<p class=\"has-text-align-center\"><strong>Montag, 21.10.2024, 15:45-21:00 Uhr<\/strong><\/p>\r\n<p>\r\n\r\n<\/p>\r\n<p class=\"has-text-align-center\"><strong><a href=\"https:\/\/ohnewennundaber.jetzt\/\" target=\"_blank\" rel=\"noreferrer noopener\">Unverpacktladen &#8222;Ohne Wenn &amp; Aber&#8220;<\/a><br \/><\/strong>Diana Lantzen<br \/>Am Br\u00f6gel 32<br \/>42283 Wuppertal<\/p>\r\n<p><img loading=\"lazy\" decoding=\"async\" class=\" wp-image-1503 aligncenter\" src=\"https:\/\/fjvd.eu\/blog\/wp-content\/uploads\/2024\/09\/Logo-Ohne-Wenn-Aber-Diana-Lantzen-300x300.webp\" alt=\"\" width=\"120\" height=\"120\" srcset=\"https:\/\/fjvd.eu\/blog\/wp-content\/uploads\/2024\/09\/Logo-Ohne-Wenn-Aber-Diana-Lantzen-300x300.webp 300w, https:\/\/fjvd.eu\/blog\/wp-content\/uploads\/2024\/09\/Logo-Ohne-Wenn-Aber-Diana-Lantzen-150x150.webp 150w, https:\/\/fjvd.eu\/blog\/wp-content\/uploads\/2024\/09\/Logo-Ohne-Wenn-Aber-Diana-Lantzen.webp 500w\" sizes=\"auto, (max-width: 120px) 100vw, 120px\" \/><\/p>\r\n<p><\/p>\r\n<h4 class=\"wp-block-heading\"><strong>Diana Lantzen st\u00f6\u00dft mit ihrem Unverpacktladen und ihrer nachhaltigeren Wirtschaftspraxis auf <\/strong><em><strong>systemischen Widerstand<\/strong><\/em><strong>.<\/strong><\/h4>\r\n<p>\r\n\r\n<\/p>\r\n<p>Es geht auch dabei nicht zuletzt um Geld.<\/p>\r\n<h4>Wir probieren daher spielerisch aus, wie <strong>\u201eCommitment Pooling\u201c<\/strong> geht:<\/h4>\r\n<p>Wir geben unsere Arbeitszusagen f\u00fcr die Gemeinschaft in einen gemeinsamen Topf, aus dem wir das herausholen k\u00f6nnen, was wir brauchen!<\/p>\r\n<p>Auf diese Weise erleben wir direkt, wie durch gemeinsames Einbringen von F\u00e4higkeiten und Ressourcen ein Mehrwert f\u00fcr die Gemeinschaft entsteht. Wir begreifen die Prinzipien dieses \u201eCommitment-Pooling&#8220; und erfahren, wie unsere individuellen Beitr\u00e4ge zu kollektivem Wohlstand f\u00fchren.<\/p>\r\n<p>\r\n\r\n<\/p>\r\n<p>Auch damit wollen wir erlebbar machen, was Geld mit uns und unserer Welt macht \u2013 und wie wir es mit diesem gest\u00e4rkten Bewusstsein neu gestalten k\u00f6nnen. Seid dabei, wenn wir die Zukunft des Geldes neu denken &#8211; vielleicht auch ohne Geld oder mit weniger Geld!\u00a0\u00a0 \ud83d\ude42<\/p>\r\n<p>\r\n\r\n<\/p>\r\n<p>Holger Kreft, Andreas Bangemann und David Sittler freuen sich auf eure Teilnahme und Ideen. Anmeldung bitte hier: <a href=\"https:\/\/www.u-school.org\/offerings\/geldgipfel2024\">https:\/\/www.u-school.org\/offerings\/geldgipfel2024<\/a><\/p>\r\n<p><\/p>\r\n<p>HIer k\u00f6nnt ihr das <a href=\"https:\/\/fjvd.eu\/blog\/wp-content\/uploads\/2024\/09\/2024-09-20-14-00-Werbetext_Geldhub_Wuppertal-Version-QR-Code.pdf\">Flugblatt zu diesem Angebot mit QR-Code<\/a> herunterladen.<\/p>\r\n<p>\r\n\r\n<\/p>\r\n<p><a href=\"https:\/\/fjvd.eu\/blog\/ausgewaehlte-referenzen-der-veranstalter\/\" target=\"_blank\" rel=\"noopener\">Ausgew\u00e4hlte Referenzen der Veranstalter<\/a><\/p>\r\n<p>Wenn wir sie gut reflektieren, dann sind <strong>Spiele und Simulationen<\/strong> wertvolle Br\u00fccken zwischen unserem individuellen Denken, F\u00fchlen und Handeln einerseits und den gro\u00dfen oft schwer zu greifenden systemisch-strukturellen Zusammenh\u00e4ngen wie den technischen, juristischen, kulturellen und anderen Infrastrukturen. Darunter k\u00f6nnen wir die verschiedenen Institutionen, Normen und Gesetze, Mechanismen und Verhaltensmuster verstehen, die unser Leben bestimmen, auch unsere individuellen Routinen usw. Unsere Vorstellungen von Wirtschaft, Markt und Eigentum geh\u00f6ren dazu sowie auch unser zivilgesellschaftliches Engagement f\u00fcr Ver\u00e4nderungen.<\/p>\r\n<p>&nbsp;<\/p>\r\n<p><strong>Denn seien wir realistisch: Geldwandel findet ohnehin st\u00e4ndig statt.<\/strong> Bitcoin, Finanz- und Klimakrise (und letztlich auch die Kriege) zeigen drastisch: Es muss und wird sich viel \u00e4ndern am Wirtschaftssystem und im Umgang mit unserem Geld. Die notwendige Mobilit\u00e4ts-, Energie- und Ern\u00e4hrungswende etc. kommen ohne Geld bisher nicht aus. Deshalb stellt sich die Frage: Wie viel \u201e<em>change by design<\/em>\u201c und wie viel \u201e<em>change by desaster<\/em>\u201c lassen wir zu?<\/p>\r\n<!-- \/wp:post-content -->\r\n\r\n<!-- wp:paragraph -->\r\n<p><strong>Letztlich geht Geld uns alle pers\u00f6nlich an.<\/strong> Wir sollten uns daher dringend solidarisch damit auseinandersetzen. Welches Geld braucht die Welt wirklich? Braucht die Welt \u00fcberhaupt Geld \u2013 und wozu? Diesen spannenden Fragen wollen wir gemeinsam mit euch im Rahmen des <strong><a href=\"https:\/\/glsbankstiftung.de\/geldgipfel\/\" target=\"_blank\" rel=\"noreferrer noopener\">Geldgipfels 2024 der GLS Bank Stiftung<\/a><\/strong> auf den Grund gehen, Geld in seinen Funktionen beleuchten und alternative Geldsysteme erkunden, die den Herausforderungen unserer Zeit gerecht werden k\u00f6nnen. Wir sind \u00fcberzeugt: Jede und jeder kann etwas dazu beitragen, dass die verschiedenen Strategien des Geldwandels besser umgesetzt werden!<\/p>\r\n<figure id=\"attachment_1352\" aria-describedby=\"caption-attachment-1352\" style=\"width: 200px\" class=\"wp-caption alignnone\"><img loading=\"lazy\" decoding=\"async\" class=\"wp-image-1352\" src=\"https:\/\/fjvd.eu\/blog\/wp-content\/uploads\/2023\/04\/Foto-Holger-ZKR-Wuppertal-02ausschnitt3_web.jpg\" alt=\"\" width=\"200\" height=\"230\" \/><figcaption id=\"caption-attachment-1352\" class=\"wp-caption-text\">Dr. Holger Kreft<\/figcaption><\/figure>\r\n<figure id=\"attachment_295\" aria-describedby=\"caption-attachment-295\" style=\"width: 200px\" class=\"wp-caption alignnone\"><img loading=\"lazy\" decoding=\"async\" class=\"wp-image-295\" src=\"https:\/\/fjvd.eu\/blog\/wp-content\/uploads\/2021\/09\/Andreas-Lernort-e1447842557289-200x270-1.jpg\" alt=\"\" width=\"200\" height=\"270\" \/><figcaption id=\"caption-attachment-295\" class=\"wp-caption-text\">Andreas Bangemann<\/figcaption><\/figure>\r\n<figure id=\"attachment_1517\" aria-describedby=\"caption-attachment-1517\" style=\"width: 200px\" class=\"wp-caption alignnone\"><img loading=\"lazy\" decoding=\"async\" class=\"wp-image-1517\" src=\"https:\/\/fjvd.eu\/blog\/wp-content\/uploads\/2024\/09\/David-Sittler-Ausschnitt_web-236x300.png\" alt=\"\" width=\"200\" height=\"254\" srcset=\"https:\/\/fjvd.eu\/blog\/wp-content\/uploads\/2024\/09\/David-Sittler-Ausschnitt_web-236x300.png 236w, https:\/\/fjvd.eu\/blog\/wp-content\/uploads\/2024\/09\/David-Sittler-Ausschnitt_web-600x761.png 600w, https:\/\/fjvd.eu\/blog\/wp-content\/uploads\/2024\/09\/David-Sittler-Ausschnitt_web.png 647w\" sizes=\"auto, (max-width: 200px) 100vw, 200px\" \/><figcaption id=\"caption-attachment-1517\" class=\"wp-caption-text\">Dr. David Sittler<\/figcaption><\/figure>\r\n<p>Holger Kreft, Andreas Bangemann und David Sittler freuen sich auf eure Teilnahme und Ideen. Anmeldung bitte hier: <a href=\"https:\/\/www.u-school.org\/offerings\/geldgipfel2024\">https:\/\/www.u-school.org\/offerings\/geldgipfel2024<\/a><\/p>\r\n<p>&nbsp;<\/p>\r\n<h3>Das Angebot des FJVD als Netzwerkknoten Wuppertal im Rahmen des Geldgipfels 2024 der GLS-Bank-Stiftung:<\/h3>\r\n<h2><strong>Was euch erwartet<\/strong><\/h2>\r\n<!-- wp:spacer {\"height\":\"50px\"} \/-->\r\n\r\n<!-- wp:heading \/-->\r\n\r\n<!-- wp:paragraph -->\r\n<p><strong>3 digitale Treffen an den Dienstagen 08.10., 15.10. und 22.10.2024, jeweils 14-16 Uhr<\/strong> zu verschiedenen Fragen:<\/p>\r\n<!-- \/wp:paragraph -->\r\n\r\n<!-- wp:list -->\r\n<ul class=\"wp-block-list\"><!-- wp:list-item -->\r\n<li>Was ist eigentlich das Problem?<\/li>\r\n<!-- \/wp:list-item -->\r\n\r\n<!-- wp:list-item -->\r\n<li>Wie unterschiedlich nehmen wir das Geld wahr?<\/li>\r\n<!-- \/wp:list-item -->\r\n\r\n<!-- wp:list-item -->\r\n<li>Auf welchen Ebenen wird welche Kritik am Geld ge\u00fcbt?<\/li>\r\n<!-- \/wp:list-item -->\r\n\r\n<!-- wp:list-item -->\r\n<li>Unterschiedliche Ans\u00e4tze zum Geldwandel<\/li>\r\n<!-- \/wp:list-item -->\r\n\r\n<!-- wp:list-item -->\r\n<li>Was kann jede und jeder Einzelne zu positiven Ver\u00e4nderungen beitragen?<\/li>\r\n<!-- \/wp:list-item -->\r\n\r\n<!-- wp:list-item -->\r\n<li>u.a.<\/li>\r\n<!-- \/wp:list-item --><\/ul>\r\n<!-- \/wp:list -->\r\n<p><!-- wp:paragraph --><\/p>\r\n<p>Die Links geben wir noch \u00fcber die Webseite <a href=\"https:\/\/www.u-school.org\/offerings\/geldgipfel2024\">https:\/\/www.u-school.org\/offerings\/geldgipfel2024<\/a> bekannt.<\/p>\r\n<p><!-- \/wp:paragraph -->\r\n\r\n<!-- wp:spacer {\"height\":\"30px\"} --><\/p>\r\n<div class=\"wp-block-spacer\" aria-hidden=\"true\">\u00a0<\/div>\r\n<p><!-- \/wp:spacer -->\r\n\r\n<!-- wp:paragraph --><\/p>\r\n<p><strong>Ein interaktives Labor:<\/strong> Wir tauchen im Dialog mit euch in die Welt des Geldes ein, reflektieren unsere Wahrnehmung von Geben und Nehmen, beleuchten Tabus und hinterfragen kulturelle Normen. Wir suchen nach Wegen, wie ein tieferes Verst\u00e4ndnis von Geld unsere Selbstwirksamkeit beim Gestalten der Ver\u00e4nderung verbessert.\u00a0\u00a0<\/p>\r\n<p><!-- \/wp:paragraph -->\r\n\r\n<!-- wp:paragraph --><\/p>\r\n<p><strong>Einblicke in alternative Geldsysteme:<\/strong> Entdecke, wie die von Silvio Gesell inspirierten Ans\u00e4tze der Freiwirtschaft weiterentwickelt werden, um eine gerechtere und nachhaltigere Welt zu schaffen.\u00a0\u00a0<br \/>Einblicke in die Diskussion um Geldwandelstrategien: Wir gehen auf eure Interessen sehr gerne ein und stellen bestehende Konzepte und alternative Geldvorstellungen zur Diskussion.<\/p>\r\n<p><!-- \/wp:paragraph -->\r\n\r\n<!-- wp:paragraph --><\/p>\r\n<p>&nbsp;<\/p><!-- \/wp:paragraph -->","protected":false},"excerpt":{"rendered":"<p>\u00a0 Lasst uns spielen! Vorab weitere Links zu Infos und Material: Geldgipfel 2024 der GLS-Bank-Stiftung: https:\/\/www.u-school.org\/offerings\/geldgipfel2024\/pages\/hubs DialogRaumGeld Augsburg: https:\/\/dialograumgeld.org Anderes Geld, anderes Wirtschaften: https:\/\/holger-kreft.de\/anderes-geld-anderes-wirtschaften Landschaft der Geldwandelakteure: https:\/\/holger-kreft.de\/landschaft-der-geldwandelakteure Geld erleben (Geldspiele u.a.): https:\/\/www.geld-erleben.de Geld der Zukunft (\u00dcbersicht \u00fcber Reformans\u00e4tze): https:\/\/www.geld-der-zukunft.org &nbsp; &nbsp; Montag, 21.10.2024, 15:45-21:00 Uhr Unverpacktladen &#8222;Ohne Wenn &amp; Aber&#8220;Diana LantzenAm Br\u00f6gel 3242283 Wuppertal [&hellip;]<\/p>\n","protected":false},"author":2,"featured_media":0,"parent":0,"menu_order":0,"comment_status":"closed","ping_status":"closed","template":"","meta":{"footnotes":""},"class_list":["post-1476","page","type-page","status-publish","hentry","missing-thumbnail"],"_links":{"self":[{"href":"https:\/\/fjvd.eu\/blog\/wp-json\/wp\/v2\/pages\/1476","targetHints":{"allow":["GET"]}}],"collection":[{"href":"https:\/\/fjvd.eu\/blog\/wp-json\/wp\/v2\/pages"}],"about":[{"href":"https:\/\/fjvd.eu\/blog\/wp-json\/wp\/v2\/types\/page"}],"author":[{"embeddable":true,"href":"https:\/\/fjvd.eu\/blog\/wp-json\/wp\/v2\/users\/2"}],"replies":[{"embeddable":true,"href":"https:\/\/fjvd.eu\/blog\/wp-json\/wp\/v2\/comments?post=1476"}],"version-history":[{"count":10,"href":"https:\/\/fjvd.eu\/blog\/wp-json\/wp\/v2\/pages\/1476\/revisions"}],"predecessor-version":[{"id":1544,"href":"https:\/\/fjvd.eu\/blog\/wp-json\/wp\/v2\/pages\/1476\/revisions\/1544"}],"wp:attachment":[{"href":"https:\/\/fjvd.eu\/blog\/wp-json\/wp\/v2\/media?parent=1476"}],"curies":[{"name":"wp","href":"https:\/\/api.w.org\/{rel}","templated":true}]}}