{"id":1462,"date":"2024-08-08T11:29:12","date_gmt":"2024-08-08T09:29:12","guid":{"rendered":"https:\/\/fjvd.eu\/blog\/?page_id=1462"},"modified":"2024-09-23T11:12:41","modified_gmt":"2024-09-23T09:12:41","slug":"ausgewaehlte-referenzen-der-veranstalter","status":"publish","type":"page","link":"https:\/\/fjvd.eu\/blog\/ausgewaehlte-referenzen-der-veranstalter\/","title":{"rendered":"Ausgew\u00e4hlte Referenzen der Veranstalter"},"content":{"rendered":"<ul>\n<li><span style=\"font-family: Calibri, sans-serif;\"><a href=\"https:\/\/holger-kreft.de\/lernort-strasse\/\">Lernort Stra\u00dfe<\/a> (2024; erster Projektansatz, wird ausgebaut gemeinsam mit David Sittler in der Fu\u00dfg\u00e4ngerzone von Wuppertal-Elberfeld)<\/span><\/li>\n<li><span style=\"font-family: Calibri, sans-serif;\"><a href=\"https:\/\/dialograumgeld.org\/\" target=\"_blank\" rel=\"noopener\">DialogRaumGeld<\/a>, Augsburg (2021-2023; Mitwirkung Holger Kreft an der Konzeption im DRG-Team)<\/span><\/li>\n<li><span style=\"font-family: Calibri, sans-serif;\">Donut-\u00d6konomie-Initiative: seit 2022 Mitwirkung Holger Kreft am Projekt <a href=\"https:\/\/www.transformation-wuppertal.de\/\" target=\"_blank\" rel=\"noopener\">Transformation Wuppertal<\/a> (von Liesbeth Bakker, Jan Koemmet, Georg Winterseel)<\/span><\/li>\n<li><span style=\"color: #000000;\"><span style=\"font-family: Calibri, sans-serif;\">Redaktion der Zeitschrift <a href=\"https:\/\/humane-wirtschaft.de\/\" target=\"_blank\" rel=\"noopener\">\u201eHumane Wirtschaft\u201c<\/a> (Andreas Bangemann) <\/span><\/span><\/li>\n<li><span style=\"color: #000000;\"><span style=\"font-family: Calibri, sans-serif;\">Beitr\u00e4ge zur Kolumne Gastwirtschaft der FR \u00fcber mehrere Jahre (Andreas Bangemann)<\/span><\/span><\/li>\n<li><span style=\"color: #000000;\"><span style=\"font-family: Calibri, sans-serif;\">Organisation zahlreicher Tagungen und Beitr\u00e4ge dazu (Jahrestagungen der Zeitschrift \u201eHumane Wirtschaft\u201c, v.a. Andreas Bangemann) <\/span><\/span><\/li>\n<li><span style=\"color: #000000;\"><span style=\"font-family: Calibri, sans-serif;\">Versuch eine Wuppertaler Regionalw\u00e4hrung aufzubauen (2015-2017): den <a href=\"https:\/\/fjvd.eu\/blog\/ausgewaehlte-angebote-und-aktionen-seit-2012\/workshop-im-rahmen-des-studierenden-kongresses-sustainable-insights-18-20-mai-2016\/\">\u201eL\u00f6wentaler\u201c<\/a> (Holger Kreft, Andreas Bangemann, Jana Rasch, Marc Berghaus, J\u00f6rn Luthe\u2026) <\/span><\/span><\/li>\n<li><span style=\"font-family: Calibri, sans-serif;\"><a href=\"https:\/\/fjvd.eu\/blog\/ausgewaehlte-angebote-und-aktionen-seit-2012\/\" target=\"_blank\" rel=\"noopener\">&#8222;Lernort Wuppertal&#8220;<\/a> von 2014 bis etwa 2017 unter diesem Namen (Andreas Bangemann, Holger Kreft u.v.a.)<\/span><\/li>\n<li><span style=\"font-family: Calibri, sans-serif;\">Wochenendtagung des Lernorts 2016 <a href=\"https:\/\/fjvd.eu\/blog\/ausgewaehlte-angebote-und-aktionen-seit-2012\/von-der-knappheit-in-die-fuelle-ein-anderes-zukunftsbild-des-wirtschaftens-19-21-februar-2016\/\" target=\"_blank\" rel=\"noopener\">\u201eAus der Knappheit in die F\u00fclle\u201c<\/a>, Andreas Bangemann und Holger Kreft u.v.a.)<\/span><\/li>\n<li>\u201e<span style=\"font-family: Calibri, sans-serif;\">Geld oder Leben? Die kulturkreative W\u00e4hrungskonferenz f\u00fcr das Bundesland Mecklenburg-Vorpommern\u201c, im September 2006, <a href=\"https:\/\/youtu.be\/eHd-baldKKE\" target=\"_blank\" rel=\"noopener\">kurzer Videofilm \u00fcber die Konferenz<\/a> (Mitwirkung Holger Kreft)<\/span><\/li>\n<\/ul>\n<p>&nbsp;<\/p>\n<p>&nbsp;<\/p>\n<p><span style=\"font-family: Calibri, sans-serif;\"><a href=\"https:\/\/fjvd.eu\/blog\/netzwerkknoten-wuppertal-im-rahmen-des-gls-geldgipfels-2024\/\">zur\u00fcck<\/a> zu Unser Angebot im Geldgipfel 2024<\/span><\/p>\n","protected":false},"excerpt":{"rendered":"<p>Lernort Stra\u00dfe (2024; erster Projektansatz, wird ausgebaut gemeinsam mit David Sittler in der Fu\u00dfg\u00e4ngerzone von Wuppertal-Elberfeld) DialogRaumGeld, Augsburg (2021-2023; Mitwirkung Holger Kreft an der Konzeption im DRG-Team) Donut-\u00d6konomie-Initiative: seit 2022 Mitwirkung Holger Kreft am Projekt Transformation Wuppertal (von Liesbeth Bakker, Jan Koemmet, Georg Winterseel) Redaktion der Zeitschrift \u201eHumane Wirtschaft\u201c (Andreas Bangemann) Beitr\u00e4ge zur Kolumne Gastwirtschaft [&hellip;]<\/p>\n","protected":false},"author":2,"featured_media":0,"parent":0,"menu_order":0,"comment_status":"closed","ping_status":"closed","template":"","meta":{"footnotes":""},"class_list":["post-1462","page","type-page","status-publish","hentry","missing-thumbnail"],"_links":{"self":[{"href":"https:\/\/fjvd.eu\/blog\/wp-json\/wp\/v2\/pages\/1462","targetHints":{"allow":["GET"]}}],"collection":[{"href":"https:\/\/fjvd.eu\/blog\/wp-json\/wp\/v2\/pages"}],"about":[{"href":"https:\/\/fjvd.eu\/blog\/wp-json\/wp\/v2\/types\/page"}],"author":[{"embeddable":true,"href":"https:\/\/fjvd.eu\/blog\/wp-json\/wp\/v2\/users\/2"}],"replies":[{"embeddable":true,"href":"https:\/\/fjvd.eu\/blog\/wp-json\/wp\/v2\/comments?post=1462"}],"version-history":[{"count":10,"href":"https:\/\/fjvd.eu\/blog\/wp-json\/wp\/v2\/pages\/1462\/revisions"}],"predecessor-version":[{"id":1524,"href":"https:\/\/fjvd.eu\/blog\/wp-json\/wp\/v2\/pages\/1462\/revisions\/1524"}],"wp:attachment":[{"href":"https:\/\/fjvd.eu\/blog\/wp-json\/wp\/v2\/media?parent=1462"}],"curies":[{"name":"wp","href":"https:\/\/api.w.org\/{rel}","templated":true}]}}