{"id":1234,"date":"2023-04-03T13:22:48","date_gmt":"2023-04-03T11:22:48","guid":{"rendered":"https:\/\/fjvd.eu\/blog\/?p=1234"},"modified":"2024-07-23T12:04:45","modified_gmt":"2024-07-23T10:04:45","slug":"wandel-erleben-eine-transformative-bildungsreise-durch-wuppertal-prototyp","status":"publish","type":"page","link":"https:\/\/fjvd.eu\/blog\/wandel-erleben-eine-transformative-bildungsreise-durch-wuppertal-prototyp\/","title":{"rendered":"Wandel erleben &#8211; ein transformativer Bildungsparcours durch Wuppertal (Prototyp)"},"content":{"rendered":"<p><a href=\"https:\/\/fjvd.eu\/blog\/wozu-wir-einladen\/\">zur\u00fcck<\/a><\/p>\n<p>&nbsp;<\/p>\n<p><img loading=\"lazy\" decoding=\"async\" class=\"alignnone wp-image-1247\" src=\"https:\/\/fjvd.eu\/blog\/wp-content\/uploads\/2023\/04\/Wuppertal-Udo-Staerkelings-auf-Pixabay-947593-300x169.jpg\" alt=\"\" width=\"556\" height=\"313\" srcset=\"https:\/\/fjvd.eu\/blog\/wp-content\/uploads\/2023\/04\/Wuppertal-Udo-Staerkelings-auf-Pixabay-947593-300x169.jpg 300w, https:\/\/fjvd.eu\/blog\/wp-content\/uploads\/2023\/04\/Wuppertal-Udo-Staerkelings-auf-Pixabay-947593-1024x576.jpg 1024w, https:\/\/fjvd.eu\/blog\/wp-content\/uploads\/2023\/04\/Wuppertal-Udo-Staerkelings-auf-Pixabay-947593-768x432.jpg 768w, https:\/\/fjvd.eu\/blog\/wp-content\/uploads\/2023\/04\/Wuppertal-Udo-Staerkelings-auf-Pixabay-947593-1536x864.jpg 1536w, https:\/\/fjvd.eu\/blog\/wp-content\/uploads\/2023\/04\/Wuppertal-Udo-Staerkelings-auf-Pixabay-947593-1200x675.jpg 1200w, https:\/\/fjvd.eu\/blog\/wp-content\/uploads\/2023\/04\/Wuppertal-Udo-Staerkelings-auf-Pixabay-947593-600x338.jpg 600w, https:\/\/fjvd.eu\/blog\/wp-content\/uploads\/2023\/04\/Wuppertal-Udo-Staerkelings-auf-Pixabay-947593.jpg 1920w\" sizes=\"auto, (max-width: 556px) 100vw, 556px\" \/>Der FJVD macht Ernst mit seiner weiteren Vernetzung an seinem traditionsreichen Standort: Geplant ist eine transformative Bildungsreise durch Wuppertal, zun\u00e4chst als Prototyp mit drei Stationen: Aktivit\u00e4ten im Quartier am Arrenberg, auf dem BOB-Campus und im Swane werden vorgestellt. Sp\u00e4ter kann das Projekt ausgeweitet werden, indem weitere Stationen hinzukommen. Hier geht es zur <a href=\"https:\/\/wandel-erleben.holger-kreft.de\/\" target=\"_blank\" rel=\"noopener\"><strong>Projektseite<\/strong><\/a>.<\/p>\n<p>&nbsp;<\/p>\n<h4>Transformation in Wuppertal zum Anfassen<\/h4>\n<p>Die Idee: Orte in Wuppertal, an denen wichtige Wandelprojekte stattfinden, werden in kleiner Gruppe besucht, um diese Vorhaben n\u00e4her kennenzulernen, um den Wandel &#8222;anfassen&#8220; zu k\u00f6nnen.<\/p>\n<h4>Wie kommen wir zu grundlegenden strukturellen Ver\u00e4nderungen?<\/h4>\n<p>Dem Projektentwickler Holger Kreft geht es darum, aufzuzeigen, wie aus Verhaltens\u00e4nderungen Einzelner auch strukturelle \u00c4nderungen der Rahmenbedingungen werden k\u00f6nnten und werden sollten, um eine gr\u00f6\u00dfere Wirksamkeit zu erlangen. Und wie diese Strukturen dann wiederum unser Verhalten beeinflussen. Von der Verringerung des individuellen Fu\u00dfabdrucks f\u00fchrt uns der Weg also zur Vergr\u00f6\u00dferung unseres sogenannten pers\u00f6nlichen Handabdrucks und wieder zur\u00fcck&#8230;<\/p>\n<p>&nbsp;<\/p>\n<h4>Die Transformationstrategien der drei Stationen<\/h4>\n<h5>Aufbruch am Arrenberg e.V.<\/h5>\n<p><iframe loading=\"lazy\" title=\"Wandel in Wuppertal erleben: Aufbruch am Arrenberg e.V., 02.09.2023, bearb. Fassung 30.05.2024\" width=\"560\" height=\"315\" src=\"https:\/\/www.youtube.com\/embed\/VyvkeCnzymE?feature=oembed\" frameborder=\"0\" allow=\"accelerometer; autoplay; clipboard-write; encrypted-media; gyroscope; picture-in-picture; web-share\" referrerpolicy=\"strict-origin-when-cross-origin\" allowfullscreen><\/iframe><\/p>\n<p>Am Arrenberg sind es zivilgesellschaftliche (sogenannte &#8222;ehrenamtliche&#8220;) Projekte, die vor allem mit dem Thema Ern\u00e4hrung zu tun haben: &#8222;Lebensmittelrettung&#8220;, die Eieraktie, Restaurant Day, Arrenberg Farm, Essbarer Arrenberg, &#8230; <strong><em>Transformationsstrategie: Mitwirkung an der Ern\u00e4hrungswende zu mehr Nachhaltigkeit. <\/em><\/strong>Was ist &#8222;von unten&#8220; (von den Graswurzeln her) m\u00f6glich und welche Unterst\u00fctzung wird &#8222;von oben&#8220; (Stadt Wuppertal, Land NRW, Bund, ggf. EU) gebraucht?<\/p>\n<p>&nbsp;<\/p>\n<h5>BOB Campus (Urbane Nachbarschaft BOB gGmbH)<\/h5>\n<p><iframe loading=\"lazy\" title=\"Wandel in Wuppertal erleben: BOB Campus 18.08.2023, bearb. Fassung 30.05.2024\" width=\"560\" height=\"315\" src=\"https:\/\/www.youtube.com\/embed\/-PfpB8qRHTY?feature=oembed\" frameborder=\"0\" allow=\"accelerometer; autoplay; clipboard-write; encrypted-media; gyroscope; picture-in-picture; web-share\" referrerpolicy=\"strict-origin-when-cross-origin\" allowfullscreen><\/iframe><\/p>\n<p>Am BOB Campus hat Familie B\u00fcnger ihre Textilfabrik (<em>B<\/em>\u00fcnger <em>O<\/em>ber<em>B<\/em>armen), die im Jahr 2012 in die Insolvenz ging, der Montagstiftung im Rahmen von Erbbaurecht zur Verf\u00fcgung gestellt. Damit ist diese Immobilie der Bodenspekulation entzogen worden. <strong><em>Transformationsstrategie: Mitwirkung an einem anderen Umgang mit dem Gemeingut Boden.<\/em><\/strong> Die Stiftung nutzt nun den Geb\u00e4udekomplex nach einer umfangreichen Modernisierung, um verschiedenen Mieter:innen und vor allem auch Gemeinwohlaktivit\u00e4ten Raum zu geben. Vieles davon kommt dem Quartier Oberbarmen-Wichlinghausen zu Gute.<\/p>\n<p>&nbsp;<\/p>\n<h5>Swane (Kookaburra gGmbH)<\/h5>\n<p><iframe loading=\"lazy\" title=\"Wandel in Wuppertal erleben: Kookaburra gGmbH \/ Swane Caf\u00e9, 26.08.2023, bearb. Fassung 30.05.2024\" width=\"560\" height=\"315\" src=\"https:\/\/www.youtube.com\/embed\/2cdGqRzvYW8?feature=oembed\" frameborder=\"0\" allow=\"accelerometer; autoplay; clipboard-write; encrypted-media; gyroscope; picture-in-picture; web-share\" referrerpolicy=\"strict-origin-when-cross-origin\" allowfullscreen><\/iframe><\/p>\n<p>Im Swane, einem Lokal im Luisenviertel, sind immer wieder Menschen eingeladen, die strukturell benachteiligt sind, sich zu Sozialunternehmer:innen weiterbilden zu lassen. Das sind Menschen, die aus anderen Kulturen zu uns gekommen sind, zum gro\u00dfen Teil mit afrikanischen Wurzeln. Selly Wane, die Besitzerin des Lokals und Entwicklerin zahlreicher gemeinwohlorientierter Projekte, unterst\u00fctzt mit ihren Mitarbeiter:innen und Kooperationspartner:innen ihre Klient:innen beim Aufbau ihrer eigenen Gelingensmodelle f\u00fcr sozial-\u00f6kologisches Wirtschaften. <strong><em>Transformationsstrategie: Mitwirkung am Aufbau einer sozial-\u00f6kologisch orientierten unternehmerischen Haltung.<\/em><\/strong><\/p>\n<p>&nbsp;<\/p>\n<h4>F\u00f6rderung des Projekts<\/h4>\n<p><a href=\"https:\/\/www.sue-nrw.de\/\" target=\"_blank\" rel=\"noopener\"><img loading=\"lazy\" decoding=\"async\" class=\"alignleft wp-image-1264\" src=\"https:\/\/fjvd.eu\/blog\/wp-content\/uploads\/2023\/04\/Logo-SUE-1.png\" alt=\"\" width=\"434\" height=\"95\" \/><\/a>Das Projekt wird von der <a href=\"https:\/\/www.sue-nrw.de\/\" target=\"_blank\" rel=\"noopener\">Stiftung Umwelt und Entwicklung<\/a> (SUE) gef\u00f6rdert.<\/p>\n<p>&nbsp;<\/p>\n<h4>Die Perspektive der Freiwirtschaft wird darin einflie\u00dfen<\/h4>\n<p>Wir k\u00f6nnen und m\u00fcssen unser Wirtschaften deutlich anders, n\u00e4mlich erheblich gemeinwohlorientierter und st\u00e4rker auf l\u00e4ngere Sicht als bisher gestalten (&#8222;enkeltauglich&#8220;). Und auch das allgegenw\u00e4rtige Transaktionsmittel Geld! Selbst dies ist nicht gottgegeben und nicht endg\u00fcltig durch die Zentralbanken der Welt bestimmt. Auch ein anderer Umgang mit unserem Boden als Gemeingut geh\u00f6rt dazu.<\/p>\n<p>Es geht darum, die zentralen Hebel zur Ver\u00e4nderung zu finden und gemeinsam zu bet\u00e4tigen, die unser Geben und Nehmen kanalisieren. <em>Unsere Variante der Freiwirtschaft<\/em> sieht daher vor, dass wir nun fragen: Welche praktischen n\u00e4chsten Schritte sind n\u00f6tig, um dem W\u00fcnschenswerten auch tats\u00e4chlich n\u00e4herzukommen?<\/p>\n<p>&nbsp;<\/p>\n<p><a href=\"https:\/\/fjvd.eu\/blog\/wozu-wir-einladen\/\">zur\u00fcck<\/a><\/p>\n<h4><\/h4>\n<h4><\/h4>\n<p>&nbsp;<\/p>\n","protected":false},"excerpt":{"rendered":"<p>zur\u00fcck &nbsp; Der FJVD macht Ernst mit seiner weiteren Vernetzung an seinem traditionsreichen Standort: Geplant ist eine transformative Bildungsreise durch Wuppertal, zun\u00e4chst als Prototyp mit drei Stationen: Aktivit\u00e4ten im Quartier am Arrenberg, auf dem BOB-Campus und im Swane werden vorgestellt. Sp\u00e4ter kann das Projekt ausgeweitet werden, indem weitere Stationen hinzukommen. Hier geht es zur Projektseite. [&hellip;]<\/p>\n","protected":false},"author":2,"featured_media":0,"parent":0,"menu_order":0,"comment_status":"open","ping_status":"open","template":"","meta":{"footnotes":""},"class_list":["post-1234","page","type-page","status-publish","hentry","missing-thumbnail"],"_links":{"self":[{"href":"https:\/\/fjvd.eu\/blog\/wp-json\/wp\/v2\/pages\/1234","targetHints":{"allow":["GET"]}}],"collection":[{"href":"https:\/\/fjvd.eu\/blog\/wp-json\/wp\/v2\/pages"}],"about":[{"href":"https:\/\/fjvd.eu\/blog\/wp-json\/wp\/v2\/types\/page"}],"author":[{"embeddable":true,"href":"https:\/\/fjvd.eu\/blog\/wp-json\/wp\/v2\/users\/2"}],"replies":[{"embeddable":true,"href":"https:\/\/fjvd.eu\/blog\/wp-json\/wp\/v2\/comments?post=1234"}],"version-history":[{"count":11,"href":"https:\/\/fjvd.eu\/blog\/wp-json\/wp\/v2\/pages\/1234\/revisions"}],"predecessor-version":[{"id":1454,"href":"https:\/\/fjvd.eu\/blog\/wp-json\/wp\/v2\/pages\/1234\/revisions\/1454"}],"wp:attachment":[{"href":"https:\/\/fjvd.eu\/blog\/wp-json\/wp\/v2\/media?parent=1234"}],"curies":[{"name":"wp","href":"https:\/\/api.w.org\/{rel}","templated":true}]}}